{"id":321,"date":"2011-06-09T19:09:39","date_gmt":"2011-06-09T18:09:39","guid":{"rendered":"http:\/\/www.foerderverein-gs-eltze.de\/?page_id=321"},"modified":"2025-07-01T20:27:48","modified_gmt":"2025-07-01T19:27:48","slug":"investitionen","status":"publish","type":"page","link":"https:\/\/www.foerderverein-gs-eltze.de\/?page_id=321","title":{"rendered":"Investitionen"},"content":{"rendered":"<p>Hier finden Sie unsere wichtigsten Investitionen und Aktionen der vergangenen Jahre:<\/p>\n<p>&nbsp;<\/p>\n<div><strong>Schuljahr 2024\/2025<\/strong><\/div>\n<div>&nbsp;<\/div>\n<div>\n<ul>\n<li>Bewirtung bei der Einschulung am 10.08.2024<\/li>\n<li>Hinweisplakate Schulkinder im Ortsverkehr in Dedenhausen und&nbsp;<span class=\"il\">Eltze<\/span><\/li>\n<li>Aufstellen des Weihnachtsbaums<\/li>\n<li>Anschaffung von Spielger\u00e4ten f\u00fcr die Pausen<\/li>\n<li>Punschaktion am letzten Tag vor den Weihnachtsferien<\/li>\n<li>Kinonachmittag f\u00fcr den Jahrgang 1-4 am 03.04.2025<\/li>\n<li>2x Gesundes Fr\u00fchst\u00fcck in der Schule<\/li>\n<li>Verpflegung bei den Sportspielen am 02.06.2025<\/li>\n<li>Eiswagen von DalCin zum Abschluss des Schuljahres am 19.06.2025<\/li>\n<li>Verabschiedung der 4. Klasse am 02.07.2025 mit einem Jahrbuch f\u00fcr jedes Kind<\/li>\n<\/ul>\n<p>&nbsp;<\/p>\n<\/div>\n<p><strong>Schuljahr 2023-2024<\/strong><\/p>\n<ul>\n<li>Bewirtung bei der Einschulung am 18.08.2023<\/li>\n<li>Hinweisplakate Schulkinder im Ortsverkehr in Dedenhausen und&nbsp;<span class=\"il\">Eltze<\/span><\/li>\n<li>Aufstellen des Weihnachtsbaums<\/li>\n<li>Anschaffung von Spielger\u00e4ten f\u00fcr die Pause<\/li>\n<li>Anschaffung von Lernb\u00fcros f\u00fcr die Klassen 1-4<\/li>\n<li>Anschaffung von 9 Leih-Inkys f\u00fcr die Klasse 2-4<\/li>\n<li>Verteilung von Weihnachts\u00fcberraschungst\u00fctchen<\/li>\n<li>Kinonachmittag f\u00fcr den Jahrgng 1-4 am 07.03.2024<\/li>\n<li>3x Gesundes Fr\u00fchst\u00fcck in der Schule<\/li>\n<li>Verpflegung bei den Bundesjugendspielen am 31.05.2024<\/li>\n<li>Eiswagen von DalCin zum Abschluss des Schuljahres am 18.06.2024<\/li>\n<li>Verabschiedung der 4. Klasse am 21.06.2024 mit einem Jahrbuch f\u00fcr jedes Kind<\/li>\n<\/ul>\n<p>&nbsp;<\/p>\n<p><strong>Schuljahr 2022-2023:<\/strong><\/p>\n<ul>\n<li>Anschaffung von 40 Lernb\u00fcros f\u00fcr konzentriertes Arbeiten<\/li>\n<li>9 Inkys als Leihgabe<\/li>\n<li><a href=\"https:\/\/www.foerderverein-gs-eltze.de\/?p=981\">Bewirtung bei der Einschulung am 27.08.2022<\/a><\/li>\n<li><a href=\"https:\/\/www.foerderverein-gs-eltze.de\/?p=993\">Aufstellen des Weihnachtsbaums auf dem Schulhof<\/a><\/li>\n<li>Anschaffung von Spielger\u00e4ten f\u00fcr die Pausen<\/li>\n<li><a href=\"https:\/\/www.foerderverein-gs-eltze.de\/?p=1004\">Verteilen der Weihnachts\u00fcberraschungst\u00fcten<\/a><\/li>\n<li>Waldp\u00e4dagogiktag Klasse 1 und 2<\/li>\n<li><a href=\"https:\/\/www.foerderverein-gs-eltze.de\/?p=1006\">Kinonachmittag f\u00fcr den Jahrgang 1-4 mit Popcorn<\/a><\/li>\n<li>Organisation der Klassenfotos von jedem Jahrgang inkl. Abzug f\u00fcr jedes Kind zum Zeugnis<\/li>\n<li>Unterst\u00fctzung beim mittelalterlichen Schulfest der Projektwoche<\/li>\n<li><a href=\"https:\/\/www.foerderverein-gs-eltze.de\/?p=997\">2x gesundes Fr\u00fchst\u00fcck in der Schule<\/a><\/li>\n<li>Verpflegung bei den Bundesjugendspielen am 16.06.2023<\/li>\n<li>Verabschiedung der 4. Klasse am 05.07.2023<\/li>\n<li>Ballons und einem Jahrbuch f\u00fcr jedes Kind<\/li>\n<li>Beetpflege auf dem Schulgel\u00e4nde f\u00fcr die Einschulung 2023<\/li>\n<\/ul>\n<p>&nbsp;<\/p>\n<p><strong>Schuljahr 2020-2021:<\/strong><\/p>\n<div class=\"alert\" role=\"alert\">Leider konnten aufgrund der Corona-Pandemie nur wenige Aktionen mit Investitionen stattfinden.<\/div>\n<ul>\n<li>Aufstellen des Weihnachtsbaums auf dem Schulhof<\/li>\n<li>Organisation der Klassenfotos von jedem Jahrgang und jedem Kind einen Abzug vor den Sommerferien mit dem Zeugnis mitgegeben<\/li>\n<li>Verabschiedung der 4. Klasse am 21.07.2021 mit Luftballonaktion<\/li>\n<li>Bewirtung bei der Einschulung am 04.09.2021<\/li>\n<li><a href=\"https:\/\/www.foerderverein-gs-eltze.de\/?p=951\">Verteilen der Weihnachts\u00fcberraschungst\u00fcten<\/a><\/li>\n<\/ul>\n<p><strong>Schuljahr 2018-2019:<\/strong><\/p>\n<ul>\n<li>Aufstellen des Weihnachtsbaums auf dem Schulhof<\/li>\n<li>Punschaktion mit \u00dcbergabe von Weihnachtsgeschenken am letzten Schultag vor den Weihnachtsferien (Geschenke: langes Springseil, Gummitwist, Badmintonsets, Gesellschaftsspiele f\u00fcr die Fr\u00fchbetreuung, mehrere Bewegungssitzhocker)<\/li>\n<li>Obststand f\u00fcr die Kinder w\u00e4hrend der Bundesjugendspiele<\/li>\n<li>Friedensaktion\/Nachhaltigkeit innerhalb der Projektwoche: mit den Kindern auf einer Holzplatte ein riesiges Friedenszeichen aus festgeschraubten Plastikdeckeln von PET-Flaschen erstellt, Porzellanteller und \u2013tassen mit Keramikstiften bemalt. In Kooperation mit dem F\u00f6V Uetze Buttons mit dem Friedenszeichen verteilt.<\/li>\n<li>Organisation der Klassenfotos von jedem Jahrgang und jedem Kind einen Abzug vor den Sommerferien mit dem Zeugnis mitgegeben<\/li>\n<li>Verabschiedung der 4. Klasse am 03.07.2018 mit Luftballonaktion<\/li>\n<li>Unterst\u00fctzung bei der Beetpflege (Unkraut j\u00e4hten, etc.) vor der Einschulung<\/li>\n<li>Bewirtung bei der Einschulung am 17.08.2019<\/li>\n<\/ul>\n<p><strong>Schuljahr 2017-2018:<\/strong><\/p>\n<ul>\n<li>Aufstellen des Weihnachtsbaums auf dem Schulhof<\/li>\n<li>Ausschank von Kinderpunsch und Spekulatius in der gro\u00dfen Pause am letzten Tag vor den Weihnachtsferien<\/li>\n<li>\u00dcbergabe der Weihnachtsgeschenke (Hockey-B\u00e4lle, Tischtennisb\u00e4lle, Spiel Twister outdoor, corn-howl)<\/li>\n<li>Blumen f\u00fcr Beet im Eingangsbereich sowie Hackschnitzel<\/li>\n<li>Bewirtung in der Pause der Musicalauff\u00fchrung<\/li>\n<li>Obststand bei den Bundesjugendspielen<\/li>\n<li>Finanzielle Unterst\u00fctzung der gemeinsamen Busfahrt zu \u201eKlasse wir singen\u201c f\u00fcr finanzschwache Familien und\/oder Fl\u00fcchtlingsfamilien in Kooperation mit dem Diakonieprojekt Region 2 der Kirchengemeinde<\/li>\n<li>f\u00fcr jeden Sch\u00fcler jeweils ein Klassenfoto am Schuljahresende<\/li>\n<li>Waldp\u00e4dagogiktag 1. Klasse<\/li>\n<li>Verabschiedung der 4. Klasse mit Luftballons<\/li>\n<li>Bewirtung bei der Einschulungsfeier 2018, Begr\u00fc\u00dfungsbuttons f\u00fcr die neuen 1. Kl\u00e4ssler<\/li>\n<\/ul>\n<p><strong>Schuljahr 2016-2017<\/strong><\/p>\n<ul>\n<li>Aufstellen des Weihnachtsbaums f\u00fcr den Schulhof<\/li>\n<li>Kinderpunsch und Spekulatius vor den Weihnachtsferien in der gro\u00dfen Pause<\/li>\n<li>\u00dcbergabe Weihnachtsgeschenke (Stra\u00dfenmalkreide, Zaumzeug)<\/li>\n<li>Diverse Anschaffungen: Geh\u00f6rschutz zum konzentrierten Lernen, Blumen f\u00fcr Beet im Eingangsbereich<\/li>\n<li>Bewirtung beim Sommerkonzert in der Kirche<\/li>\n<li>Klassenfoto eines jeden Jahrgangs am Schuljahresende f\u00fcr jeden Sch\u00fcler<\/li>\n<li>Erstmalig wurde eine Familie finanziell unterst\u00fctzt, um die Teilnahme an der Klassenfahrt zu erm\u00f6glichen<\/li>\n<li>Waldp\u00e4dagogiktag, Autorenlesung<\/li>\n<li>Verabschiedung der 4. Klasse mit Luftballons<\/li>\n<li>Anschaffung von Einschulungsmaterial (Ordner, Hefter, Klarsichth\u00fcllen)<\/li>\n<li>Bewirtung bei der Einschulungsfeier 2017, Begr\u00fc\u00dfungsbutton f\u00fcr die Erstkl\u00e4ssler<\/li>\n<\/ul>\n<p><strong>Schuljahr 2015-2016<\/strong><\/p>\n<ul>\n<li>Stofffarben f\u00fcr die Projektwoche<\/li>\n<li>Hockeyschl\u00e4ger, Schlitten und Stra\u00dfenmalkreide f\u00fcr die gro\u00dfen Pausen<\/li>\n<\/ul>\n<p><strong>Schuljahr 2014-2015<\/strong><\/p>\n<ul>\n<li><a href=\"http:\/\/www.myheimat.de\/uetze\/kultur\/chor-der-grundschule-eltze-m3225591,2627623.html\" target=\"_blank\" rel=\"noopener noreferrer\">T-Shirts f\u00fcr die Chorklassen<\/a><\/li>\n<\/ul>\n<p><strong>Schuljahr 2013-2014<\/strong><\/p>\n<ul>\n<li>Nikolauswerkstatt<\/li>\n<li>Didaktisches Material f\u00fcr Ichhapur (Indien)<\/li>\n<li>Veranstaltung&nbsp;&#8220;Zauberer Pfiff&#8221;<\/li>\n<\/ul>\n<p><strong>Schuljahr 2012-2013 <\/strong><\/p>\n<ul>\n<li><a href=\"https:\/\/www.foerderverein-gs-eltze.de\/?p=575\">10 Eisgutscheine f\u00fcr die flei\u00dfigen Kinder, die unser neues Logo gestaltet haben<\/a><\/li>\n<li><a href=\"https:\/\/www.foerderverein-gs-eltze.de\/?p=584\">Vortrag &#8220;Immer diese Hausaufgaben&#8221;<\/a><\/li>\n<li><a title=\"Schreibtisch-Unterlagen\" href=\"https:\/\/www.foerderverein-gs-eltze.de\/?p=536\">Schreibunterlagen f\u00fcr Linksh\u00e4nder&nbsp;<\/a><\/li>\n<\/ul>\n<p><strong>Schuljahr 2011-2012&nbsp;<\/strong><\/p>\n<ul>\n<li><a href=\"https:\/\/www.foerderverein-gs-eltze.de\/?p=387\">Neue Fu\u00dfballnetze f\u00fcr den Schulhof<\/a><\/li>\n<li>Kulissenw\u00e4nde f\u00fcr die B\u00fchne<\/li>\n<li>Erweiterung der B\u00fchne<\/li>\n<li><a href=\"https:\/\/www.foerderverein-gs-eltze.de\/?p=378\">Easi-Speak-Mikrofone<\/a>&nbsp;f\u00fcr den Unterricht<\/li>\n<\/ul>\n<p><strong>Schuljahr 2010-2011&nbsp;<\/strong><\/p>\n<ul>\n<li><a href=\"https:\/\/www.foerderverein-gs-eltze.de\/?p=322\">Mikrofone f\u00fcr die B\u00fchne<\/a><\/li>\n<li><a href=\"https:\/\/www.foerderverein-gs-eltze.de\/?p=305\">Verst\u00e4rkeranlage<\/a><\/li>\n<li><a href=\"https:\/\/www.foerderverein-gs-eltze.de\/?p=270\">&#8220;Klasse! Wir singen&#8221;<\/a> f\u00fcr Kinder von Mitgliedern<\/li>\n<\/ul>\n<p><strong>Schuljahr 2009-2010<\/strong><\/p>\n<ul>\n<li><a href=\"https:\/\/www.foerderverein-gs-eltze.de\/?p=237\">Kunstprojektwoche 2010<\/a><\/li>\n<li><a href=\"https:\/\/www.foerderverein-gs-eltze.de\/?p=102\">Streichen der Schuluhr<\/a><\/li>\n<li><a href=\"https:\/\/www.foerderverein-gs-eltze.de\/?p=155\">Autorenlesung von Hr.Bombelmann<\/a><\/li>\n<li><a href=\"https:\/\/www.foerderverein-gs-eltze.de\/?p=205\">Pedalo Spielger\u00e4t<\/a> f\u00fcr die Pause<\/li>\n<li>Instandsetzung bzw. Verbesserung der Funktion <a href=\"https:\/\/www.foerderverein-gs-eltze.de\/?p=227\">der Schuluhr<\/a><\/li>\n<li>Bilderrahmen f\u00fcr Fotos<\/li>\n<li>Lichterkette f\u00fcr den Weihnachtbaum<\/li>\n<\/ul>\n<p><strong>Schuljahr 2008-2009<\/strong><\/p>\n<ul>\n<li>Lichtanlage f\u00fcr die B\u00fchne<\/li>\n<li>F\u00f6rderung der Faschingsfeier<\/li>\n<li>CD Player<\/li>\n<li>Holz f\u00fcr Sitzb\u00e4nke<\/li>\n<li>Sicherheitskragen f\u00fcr Erstkl\u00e4ssler<\/li>\n<\/ul>\n<p><strong>Schuljahr 2007-2008<\/strong><\/p>\n<ul>\n<li>Indien Projekt &#8220;Zukunft f\u00fcr Ichhapur&#8221;<\/li>\n<li>DVD Recorder<\/li>\n<li>Mitmachzirkus Zippolino<\/li>\n<li>Profi B\u00fchne mit Umrandung und Treppe<\/li>\n<li>Sicherheitskragen f\u00fcr Erstkl\u00e4ssler<\/li>\n<\/ul>\n<p><strong>Schuljahr 2006-2007<\/strong><\/p>\n<ul>\n<li>CD Player<\/li>\n<li>Mikrofone f\u00fcr Theaterauff\u00fchrungen<\/li>\n<li>Sicherheitskragen f\u00fcr Erstkl\u00e4ssler<\/li>\n<li>Renovierung der Sch\u00fclertoiletten<\/li>\n<li>neue Tischtennis Schl\u00e4ger f\u00fcr die Tischtennis AG<\/li>\n<li>Infokasten auf dem Schulhof<\/li>\n<\/ul>\n\n\n<pre class=\"wp-block-code\"><code><\/code><\/pre>\n\n\n\n<pre class=\"wp-block-code\"><code><\/code><\/pre>\n\n\n\n<pre class=\"wp-block-code\"><code><\/code><\/pre>\n","protected":false},"excerpt":{"rendered":"<p>Hier finden Sie unsere wichtigsten Investitionen und Aktionen der vergangenen Jahre: &nbsp; Schuljahr 2024\/2025 &nbsp; Bewirtung bei der Einschulung am 10.08.2024 Hinweisplakate Schulkinder im Ortsverkehr in Dedenhausen und&nbsp;Eltze Aufstellen des Weihnachtsbaums Anschaffung von Spielger\u00e4ten f\u00fcr die Pausen Punschaktion am letzten [&hellip;]<\/p>\n","protected":false},"author":3,"featured_media":0,"parent":0,"menu_order":50,"comment_status":"closed","ping_status":"open","template":"","meta":{"ngg_post_thumbnail":0,"footnotes":""},"class_list":["post-321","page","type-page","status-publish","hentry"],"_links":{"self":[{"href":"https:\/\/www.foerderverein-gs-eltze.de\/index.php?rest_route=\/wp\/v2\/pages\/321","targetHints":{"allow":["GET"]}}],"collection":[{"href":"https:\/\/www.foerderverein-gs-eltze.de\/index.php?rest_route=\/wp\/v2\/pages"}],"about":[{"href":"https:\/\/www.foerderverein-gs-eltze.de\/index.php?rest_route=\/wp\/v2\/types\/page"}],"author":[{"embeddable":true,"href":"https:\/\/www.foerderverein-gs-eltze.de\/index.php?rest_route=\/wp\/v2\/users\/3"}],"replies":[{"embeddable":true,"href":"https:\/\/www.foerderverein-gs-eltze.de\/index.php?rest_route=%2Fwp%2Fv2%2Fcomments&post=321"}],"version-history":[{"count":35,"href":"https:\/\/www.foerderverein-gs-eltze.de\/index.php?rest_route=\/wp\/v2\/pages\/321\/revisions"}],"predecessor-version":[{"id":1077,"href":"https:\/\/www.foerderverein-gs-eltze.de\/index.php?rest_route=\/wp\/v2\/pages\/321\/revisions\/1077"}],"wp:attachment":[{"href":"https:\/\/www.foerderverein-gs-eltze.de\/index.php?rest_route=%2Fwp%2Fv2%2Fmedia&parent=321"}],"curies":[{"name":"wp","href":"https:\/\/api.w.org\/{rel}","templated":true}]}}