{"id":4,"date":"2010-03-06T21:39:09","date_gmt":"2010-03-06T20:39:09","guid":{"rendered":"http:\/\/blog.nico-wiegmann.de\/uber-uns\/"},"modified":"2025-07-01T20:42:20","modified_gmt":"2025-07-01T19:42:20","slug":"uber-uns","status":"publish","type":"page","link":"https:\/\/www.foerderverein-gs-eltze.de\/?page_id=4","title":{"rendered":"\u00dcber uns"},"content":{"rendered":"\n<h2 class=\"wp-block-heading\">Mitglieder<\/h2>\n\n\n\n<p>Wir haben derzeit 76 Mitglieder (Stand 2023)<\/p>\n\n\n\n<h2 class=\"wp-block-heading\">Beitrag<\/h2>\n\n\n\n<p>Jahresbeitrag betr\u00e4gt 15 \u20ac<\/p>\n\n\n\n<h2 class=\"wp-block-heading\">Vorstand<\/h2>\n\n\n\n<h4 class=\"wp-block-heading\">1.Vorsitzender<\/h4>\n\n\n\n<p>Juliane Ebeling &#8211; Eltze<\/p>\n\n\n\n<h4 class=\"wp-block-heading\">2. Vorsitzende<\/h4>\n\n\n\n<p>Dorothea Ehlers &#8211; Dedenhausen<\/p>\n\n\n\n<h4 class=\"wp-block-heading\">Schatzmeisterin<\/h4>\n\n\n\n<p>Cathleen Edler &#8211; Eltze<\/p>\n\n\n\n<h4 class=\"wp-block-heading\"><strong>Beisitzer&nbsp;<\/strong><\/h4>\n\n\n\n<p>Stephanie Gilhaus &#8211; Eltze<\/p>\n\n\n\n<p>Sarah Fischer &#8211; Eltze<\/p>\n\n\n\n<h2 class=\"wp-block-heading\"><strong>Satzung<\/strong><\/h2>\n\n\n\n<p>Die Satzung k\u00f6nnen Sie <a href=\"https:\/\/www.foerderverein-gs-eltze.de\/wp-content\/uploads\/2025\/07\/Satzung_NEU_2025-.pdf\" data-type=\"attachment\" data-id=\"1082\">hier<\/a> herunterladen.<\/p>\n\n\n\n<h2 class=\"wp-block-heading\">Was sind die Aufgaben unseres F\u00f6rdervereins?<\/h2>\n\n\n\n<ul class=\"wp-block-list\">\n<li>F\u00f6rderung der Schule in ihrer erzieherischen Arbeit<\/li>\n\n\n\n<li>\ufeff\ufeffF\u00f6rderung von Schulveranstaltungen<br>(z.B. Theatergastspiele, Vortr\u00e4ge, k\u00fcnstlerische Darbietungen)<\/li>\n\n\n\n<li>\ufeff\ufeffBezuschussung von Klassenveranstaltungen<\/li>\n\n\n\n<li>(z.B. Schullandheimaufenthalte, Schulfeste, Wandertage., Waldtage)<\/li>\n\n\n\n<li>\ufeff\ufeffAnschaffung von zus\u00e4tzlichen Spielzeugen<\/li>\n\n\n\n<li>\ufeff\ufeffFinanzielle Unterst\u00fctzung bed\u00fcrftiger Sch\u00fcler<\/li>\n\n\n\n<li>\ufeff\ufeffBereitstellung von Mitteln zur F\u00f6rderung der Allgemeinbildung der Sch\u00fcler und der k\u00fcnstlerischen Ausgestaltung der Schule<\/li>\n<\/ul>\n\n\n\n<p>Der Verein hat <span style=\"text-decoration: underline;\">nicht<\/span> haupts\u00e4chlich die Aufgabe Lehr- und Lernmittel zu beschaffen, die in der Verantwortung des Schultr\u00e4gers liegen.<\/p>\n\n\n\n<p>Eine Liste unserer Investitionen findet Ihr <a href=\"https:\/\/www.foerderverein-gs-eltze.de\/?page_id=321\">hier<\/a>.<\/p>\n\n\n\n<h2 class=\"wp-block-heading\">&nbsp;<\/h2>\n","protected":false},"excerpt":{"rendered":"<p>Mitglieder Wir haben derzeit 76 Mitglieder (Stand 2023) Beitrag Jahresbeitrag betr\u00e4gt 15 \u20ac Vorstand 1.Vorsitzender Juliane Ebeling &#8211; Eltze 2. Vorsitzende Dorothea Ehlers &#8211; Dedenhausen Schatzmeisterin Cathleen Edler &#8211; Eltze Beisitzer&nbsp; Stephanie Gilhaus &#8211; Eltze Sarah Fischer &#8211; Eltze Satzung [&hellip;]<\/p>\n","protected":false},"author":1,"featured_media":0,"parent":0,"menu_order":30,"comment_status":"closed","ping_status":"open","template":"","meta":{"ngg_post_thumbnail":0,"footnotes":""},"class_list":["post-4","page","type-page","status-publish","hentry"],"_links":{"self":[{"href":"https:\/\/www.foerderverein-gs-eltze.de\/index.php?rest_route=\/wp\/v2\/pages\/4","targetHints":{"allow":["GET"]}}],"collection":[{"href":"https:\/\/www.foerderverein-gs-eltze.de\/index.php?rest_route=\/wp\/v2\/pages"}],"about":[{"href":"https:\/\/www.foerderverein-gs-eltze.de\/index.php?rest_route=\/wp\/v2\/types\/page"}],"author":[{"embeddable":true,"href":"https:\/\/www.foerderverein-gs-eltze.de\/index.php?rest_route=\/wp\/v2\/users\/1"}],"replies":[{"embeddable":true,"href":"https:\/\/www.foerderverein-gs-eltze.de\/index.php?rest_route=%2Fwp%2Fv2%2Fcomments&post=4"}],"version-history":[{"count":53,"href":"https:\/\/www.foerderverein-gs-eltze.de\/index.php?rest_route=\/wp\/v2\/pages\/4\/revisions"}],"predecessor-version":[{"id":1084,"href":"https:\/\/www.foerderverein-gs-eltze.de\/index.php?rest_route=\/wp\/v2\/pages\/4\/revisions\/1084"}],"wp:attachment":[{"href":"https:\/\/www.foerderverein-gs-eltze.de\/index.php?rest_route=%2Fwp%2Fv2%2Fmedia&parent=4"}],"curies":[{"name":"wp","href":"https:\/\/api.w.org\/{rel}","templated":true}]}}